{"id":624,"date":"2022-12-21T12:25:41","date_gmt":"2022-12-21T11:25:41","guid":{"rendered":"https:\/\/revodata.outlawz-ontwikkeling.nl\/?page_id=624"},"modified":"2025-10-30T14:40:23","modified_gmt":"2025-10-30T13:40:23","slug":"werkwijze","status":"publish","type":"page","link":"https:\/\/revodata.nl\/nl\/werkwijze\/","title":{"rendered":"Onze werkwijze"},"content":{"rendered":"<div data-elementor-type=\"wp-page\" data-elementor-id=\"624\" class=\"elementor elementor-624\" data-elementor-post-type=\"page\">\n\t\t\t\t\t\t<section class=\"elementor-section elementor-top-section elementor-element elementor-element-25b7a47 elementor-section-height-min-height elementor-section-items-stretch elementor-section-boxed elementor-section-height-default\" data-id=\"25b7a47\" data-element_type=\"section\" data-e-type=\"section\" id=\"home-header\" data-settings=\"{&quot;background_background&quot;:&quot;classic&quot;}\">\n\t\t\t\t\t\t\t<div class=\"elementor-background-overlay\"><\/div>\n\t\t\t\t\t\t\t<div class=\"elementor-container elementor-column-gap-default\">\n\t\t\t\t\t<div class=\"elementor-column elementor-col-100 elementor-top-column elementor-element elementor-element-92d5f56 lines-dark\" data-id=\"92d5f56\" data-element_type=\"column\" data-e-type=\"column\">\n\t\t\t<div class=\"elementor-widget-wrap elementor-element-populated\">\n\t\t\t\t\t\t<div class=\"elementor-element elementor-element-d67806c elementor-widget elementor-widget-heading\" data-id=\"d67806c\" data-element_type=\"widget\" data-e-type=\"widget\" data-widget_type=\"heading.default\">\n\t\t\t\t<div class=\"elementor-widget-container\">\n\t\t\t\t\t<h1 class=\"elementor-heading-title elementor-size-default\">Onze werkwijze<\/h1>\t\t\t\t<\/div>\n\t\t\t\t<\/div>\n\t\t\t\t\t<\/div>\n\t\t<\/div>\n\t\t\t\t\t<\/div>\n\t\t<\/section>\n\t\t\t\t<section class=\"elementor-section elementor-top-section elementor-element elementor-element-ba1cd3a elementor-section-boxed elementor-section-height-default elementor-section-height-default\" data-id=\"ba1cd3a\" data-element_type=\"section\" data-e-type=\"section\" data-settings=\"{&quot;background_background&quot;:&quot;classic&quot;}\">\n\t\t\t\t\t\t<div class=\"elementor-container elementor-column-gap-default\">\n\t\t\t\t\t<div class=\"elementor-column elementor-col-100 elementor-top-column elementor-element elementor-element-f5aecde lines-light\" data-id=\"f5aecde\" data-element_type=\"column\" data-e-type=\"column\">\n\t\t\t<div class=\"elementor-widget-wrap elementor-element-populated\">\n\t\t\t\t\t\t<div class=\"elementor-element elementor-element-b5d135f elementor-widget__width-initial elementor-widget elementor-widget-heading\" data-id=\"b5d135f\" data-element_type=\"widget\" data-e-type=\"widget\" data-widget_type=\"heading.default\">\n\t\t\t\t<div class=\"elementor-widget-container\">\n\t\t\t\t\t<h2 class=\"elementor-heading-title elementor-size-default\">RevoData is er om je Data &amp; AI journey te versterken, van het opzetten van je datastrategie en het cre\u00ebren van je dataplatform tot het opleiden van je team.<\/h2>\t\t\t\t<\/div>\n\t\t\t\t<\/div>\n\t\t\t\t<div class=\"elementor-element elementor-element-85bf754 elementor-widget elementor-widget-spacer\" data-id=\"85bf754\" data-element_type=\"widget\" data-e-type=\"widget\" data-widget_type=\"spacer.default\">\n\t\t\t\t<div class=\"elementor-widget-container\">\n\t\t\t\t\t\t\t<div class=\"elementor-spacer\">\n\t\t\t<div class=\"elementor-spacer-inner\"><\/div>\n\t\t<\/div>\n\t\t\t\t\t\t<\/div>\n\t\t\t\t<\/div>\n\t\t\t\t\t<\/div>\n\t\t<\/div>\n\t\t\t\t\t<\/div>\n\t\t<\/section>\n\t\t\t\t<section class=\"elementor-section elementor-top-section elementor-element elementor-element-68066c3 elementor-section-boxed elementor-section-height-default elementor-section-height-default\" data-id=\"68066c3\" data-element_type=\"section\" data-e-type=\"section\" data-settings=\"{&quot;background_background&quot;:&quot;classic&quot;}\">\n\t\t\t\t\t\t<div class=\"elementor-container elementor-column-gap-default\">\n\t\t\t\t\t<div class=\"elementor-column elementor-col-100 elementor-top-column elementor-element elementor-element-c55fa21\" data-id=\"c55fa21\" data-element_type=\"column\" data-e-type=\"column\">\n\t\t\t<div class=\"elementor-widget-wrap elementor-element-populated\">\n\t\t\t\t\t\t<div class=\"elementor-element elementor-element-2f7f0f0 elementor-widget elementor-widget-image\" data-id=\"2f7f0f0\" data-element_type=\"widget\" data-e-type=\"widget\" data-widget_type=\"image.default\">\n\t\t\t\t<div class=\"elementor-widget-container\">\n\t\t\t\t\t\t\t\t\t\t\t\t\t\t\t<img fetchpriority=\"high\" decoding=\"async\" width=\"1600\" height=\"1067\" src=\"https:\/\/revodata.nl\/wp-content\/uploads\/DSC08562_websize-2.jpg\" class=\"attachment-full size-full wp-image-1238\" alt=\"\" srcset=\"https:\/\/revodata.nl\/wp-content\/uploads\/DSC08562_websize-2.jpg 1600w, https:\/\/revodata.nl\/wp-content\/uploads\/DSC08562_websize-2-300x200.jpg 300w, https:\/\/revodata.nl\/wp-content\/uploads\/DSC08562_websize-2-1024x683.jpg 1024w, https:\/\/revodata.nl\/wp-content\/uploads\/DSC08562_websize-2-768x512.jpg 768w, https:\/\/revodata.nl\/wp-content\/uploads\/DSC08562_websize-2-1536x1024.jpg 1536w\" sizes=\"(max-width: 1600px) 100vw, 1600px\" \/>\t\t\t\t\t\t\t\t\t\t\t\t\t\t\t<\/div>\n\t\t\t\t<\/div>\n\t\t\t\t<div class=\"elementor-element elementor-element-5ce3df6 elementor-widget elementor-widget-spacer\" data-id=\"5ce3df6\" data-element_type=\"widget\" data-e-type=\"widget\" data-widget_type=\"spacer.default\">\n\t\t\t\t<div class=\"elementor-widget-container\">\n\t\t\t\t\t\t\t<div class=\"elementor-spacer\">\n\t\t\t<div class=\"elementor-spacer-inner\"><\/div>\n\t\t<\/div>\n\t\t\t\t\t\t<\/div>\n\t\t\t\t<\/div>\n\t\t\t\t\t<\/div>\n\t\t<\/div>\n\t\t\t\t\t<\/div>\n\t\t<\/section>\n\t\t\t\t<section class=\"elementor-section elementor-top-section elementor-element elementor-element-bed816a elementor-section-boxed elementor-section-height-default elementor-section-height-default\" data-id=\"bed816a\" data-element_type=\"section\" data-e-type=\"section\" data-settings=\"{&quot;background_background&quot;:&quot;classic&quot;}\">\n\t\t\t\t\t\t<div class=\"elementor-container elementor-column-gap-default\">\n\t\t\t\t\t<div class=\"elementor-column elementor-col-100 elementor-top-column elementor-element elementor-element-1ceb2e3 lines-light\" data-id=\"1ceb2e3\" data-element_type=\"column\" data-e-type=\"column\">\n\t\t\t<div class=\"elementor-widget-wrap elementor-element-populated\">\n\t\t\t\t\t\t<div class=\"elementor-element elementor-element-898dca5 elementor-widget elementor-widget-heading\" data-id=\"898dca5\" data-element_type=\"widget\" data-e-type=\"widget\" data-widget_type=\"heading.default\">\n\t\t\t\t<div class=\"elementor-widget-container\">\n\t\t\t\t\t<h2 class=\"elementor-heading-title elementor-size-default\">E\u00e9n team<\/h2>\t\t\t\t<\/div>\n\t\t\t\t<\/div>\n\t\t\t\t<div class=\"elementor-element elementor-element-e6ca3ee elementor-widget__width-initial elementor-widget elementor-widget-heading\" data-id=\"e6ca3ee\" data-element_type=\"widget\" data-e-type=\"widget\" data-widget_type=\"heading.default\">\n\t\t\t\t<div class=\"elementor-widget-container\">\n\t\t\t\t\t<p class=\"elementor-heading-title elementor-size-default\">RevoData en jouw team vormen \u00e9\u00e9n team. We implementeren de best passende Data &amp; AI-oplossing, met als doel jullie te trainen en in staat te stellen om vervolgens zelfstandig verder te ontwikkelen. We blijven uiteraard op de achtergrond beschikbaar maar je wordt niet afhankelijk van ons.<\/p>\t\t\t\t<\/div>\n\t\t\t\t<\/div>\n\t\t\t\t<section class=\"elementor-section elementor-inner-section elementor-element elementor-element-cf65411 elementor-section-boxed elementor-section-height-default elementor-section-height-default\" data-id=\"cf65411\" data-element_type=\"section\" data-e-type=\"section\">\n\t\t\t\t\t\t<div class=\"elementor-container elementor-column-gap-default\">\n\t\t\t\t\t<div class=\"elementor-column elementor-col-100 elementor-inner-column elementor-element elementor-element-c395ead\" data-id=\"c395ead\" data-element_type=\"column\" data-e-type=\"column\">\n\t\t\t<div class=\"elementor-widget-wrap elementor-element-populated\">\n\t\t\t\t\t\t<div class=\"elementor-element elementor-element-7d5b246 elementor-widget elementor-widget-image\" data-id=\"7d5b246\" data-element_type=\"widget\" data-e-type=\"widget\" data-widget_type=\"image.default\">\n\t\t\t\t<div class=\"elementor-widget-container\">\n\t\t\t\t\t\t\t\t\t\t\t\t\t\t\t<img decoding=\"async\" width=\"800\" height=\"450\" src=\"https:\/\/revodata.nl\/wp-content\/uploads\/dots-1.svg\" class=\"attachment-large size-large wp-image-5675\" alt=\"\" \/>\t\t\t\t\t\t\t\t\t\t\t\t\t\t\t<\/div>\n\t\t\t\t<\/div>\n\t\t\t\t<div class=\"elementor-element elementor-element-486c5ea elementor-widget__width-auto elementor-absolute elementor-widget elementor-widget-text-editor\" data-id=\"486c5ea\" data-element_type=\"widget\" data-e-type=\"widget\" data-settings=\"{&quot;_position&quot;:&quot;absolute&quot;}\" data-widget_type=\"text-editor.default\">\n\t\t\t\t<div class=\"elementor-widget-container\">\n\t\t\t\t\t\t\t\t\t<strong>Idee<\/strong>\n<div class=\"block\">\nSamen filosoferen over hoe de toekomst eruit zou kunnen zien.\n<ul>\n \t<li>Het opstellen van hypotheses en wat je verwacht aan te treffen in de data.<\/li>\n \t<li>Bestaat deze data al of moet het gemaakt worden?<\/li>\n \t<li>Het defini\u00ebren van acties die genomen worden op basis van de verkregen inzichten.<\/li>\n \t<li>Het vaststellen van de waarde; ook wel de business case.<\/li>\n<\/ul>\n<a class=\"button\" href=\"https:\/\/revodata.nl\/nl\/value-assessment\/\">Value Assessment<\/a>\n\n<a class=\"button\" href=\"https:\/\/revodata.nl\/nl\/proof-of-concept\/\">Proof of Concept (PoC)<\/a>\n\n<\/div>\t\t\t\t\t\t\t\t<\/div>\n\t\t\t\t<\/div>\n\t\t\t\t<div class=\"elementor-element elementor-element-ec19e20 elementor-widget__width-auto elementor-absolute elementor-widget elementor-widget-text-editor\" data-id=\"ec19e20\" data-element_type=\"widget\" data-e-type=\"widget\" data-settings=\"{&quot;_position&quot;:&quot;absolute&quot;}\" data-widget_type=\"text-editor.default\">\n\t\t\t\t<div class=\"elementor-widget-container\">\n\t\t\t\t\t\t\t\t\t<strong>Productie<\/strong>\n<div class=\"block\">\n\nDe onderliggende infrastructuur en operationele controles hoeven niet te worden gebouwd en onderhouden &#8211; dit doen wij voor jou:\n<ul>\n \t<li>Minder operationele overhead<\/li>\n \t<li>Betere schaalbaarheid<\/li>\n \t<li>Kostenbesparingen<\/li>\n \t<li>Grotere flexibiliteit<\/li>\n \t<li>Betere beveiliging<\/li>\n<\/ul>\n<a class=\"button\" href=\"https:\/\/revodata.nl\/nl\/managed-databricks\/\">Managed Data Platform<\/a>\n<a class=\"button\" href=\"https:\/\/revodata.nl\/nl\/well-architected-review\/\">Architecture Review<\/a>\n<a class=\"button\" href=\"https:\/\/revodata.nl\/nl\/maturity-assesment\/\">Maturity Assessment<\/a>\n\n<\/div>\t\t\t\t\t\t\t\t<\/div>\n\t\t\t\t<\/div>\n\t\t\t\t<div class=\"elementor-element elementor-element-1cf6559 elementor-widget__width-auto elementor-absolute elementor-widget elementor-widget-text-editor\" data-id=\"1cf6559\" data-element_type=\"widget\" data-e-type=\"widget\" data-settings=\"{&quot;_position&quot;:&quot;absolute&quot;}\" data-widget_type=\"text-editor.default\">\n\t\t\t\t<div class=\"elementor-widget-container\">\n\t\t\t\t\t\t\t\t\t<strong>1. Ontwerp<\/strong>\n<div class=\"block\">Het opstellen van een ontwerp en gedetailleerd plan voor de uitvoering van een data initiatief.\n<ul>\n \t<li>Identificeren van gegevensbronnen<\/li>\n \t<li>Het defini\u00ebren van de data structuur<\/li>\n \t<li>Bepalen hoe de gegevens zullen worden getransformeerd en opgeslagen<\/li>\n \t<li>Uitwerken hoe data binnen jou bedrijf gebruikt wordt<\/li>\n<\/ul><\/div>\t\t\t\t\t\t\t\t<\/div>\n\t\t\t\t<\/div>\n\t\t\t\t<div class=\"elementor-element elementor-element-851082c elementor-widget__width-auto elementor-absolute elementor-widget elementor-widget-text-editor\" data-id=\"851082c\" data-element_type=\"widget\" data-e-type=\"widget\" data-settings=\"{&quot;_position&quot;:&quot;absolute&quot;}\" data-widget_type=\"text-editor.default\">\n\t\t\t\t<div class=\"elementor-widget-container\">\n\t\t\t\t\t\t\t\t\t<strong>2. Bouw<\/strong>\n<div class=\"block\">\n\nDe in de ontwerpfase geplande onderdelen van het dataproject bouwen:\n<ul>\n \t<li>Gebruik maken van herbruikbare componenten van RevoData<\/li>\n \t<li>Ontwikkelen van Data Pipelines en AI-modellen voor jouw toepassing<\/li>\n \t<li>Het meten &amp; verbeteren van de data kwaliteit<\/li>\n<\/ul>\n<a class=\"button\" href=\"https:\/\/revodata.nl\/nl\/proof-of-concept\/\">Proof of Concept (Poc)<\/a>\n\n<a class=\"button\" href=\"https:\/\/revodata.nl\/nl\/databricks-consultancy\/\">Databricks Consultancy<\/a>\n\n\n<\/div>\t\t\t\t\t\t\t\t<\/div>\n\t\t\t\t<\/div>\n\t\t\t\t<div class=\"elementor-element elementor-element-2cbe99d elementor-widget__width-auto elementor-absolute elementor-widget elementor-widget-text-editor\" data-id=\"2cbe99d\" data-element_type=\"widget\" data-e-type=\"widget\" data-settings=\"{&quot;_position&quot;:&quot;absolute&quot;}\" data-widget_type=\"text-editor.default\">\n\t\t\t\t<div class=\"elementor-widget-container\">\n\t\t\t\t\t\t\t\t\t<strong>3. Test<\/strong>\n<div class=\"block\">\n\nErvoor zorgen dat het data-platform correct werkt en voldoet aan de eisen die in de ontwerpfase zijn vastgesteld.\n<ul>\n \t<li>Controleren of de gegevens correct worden getransformeerd en geladen<\/li>\n \t<li>Het testen van de toepassingen en tools die zijn ontwikkeld<\/li>\n \t<li>Eventuele problemen identificeren en oplossen voordat het project wordt uitgerold<\/li>\n<\/ul>\n<a class=\"button\" href=\"https:\/\/revodata.nl\/nl\/proof-of-concept\/\">Proof of Concept (Poc)<\/a>\n\n<a class=\"button\" href=\"https:\/\/revodata.nl\/nl\/databricks-consultancy\/\">Databricks Consultancy<\/a>\n\n<\/div>\t\t\t\t\t\t\t\t<\/div>\n\t\t\t\t<\/div>\n\t\t\t\t<div class=\"elementor-element elementor-element-20f5442 elementor-widget__width-initial elementor-absolute elementor-widget elementor-widget-text-editor\" data-id=\"20f5442\" data-element_type=\"widget\" data-e-type=\"widget\" data-settings=\"{&quot;_position&quot;:&quot;absolute&quot;}\" data-widget_type=\"text-editor.default\">\n\t\t\t\t<div class=\"elementor-widget-container\">\n\t\t\t\t\t\t\t\t\t<strong>4. Deploy<\/strong>\n<div class=\"block\">\nErvoor te zorgen dat het data-platform klaar is voor gebruik en toegankelijk is voor jouw mensen.\n<ul>\n \t<li>Het in productie nemen van het data-platform en beschikbaar stellen aan jouw medewerkers<\/li>\n \t<li>Het leveren van gebruikersdocumentatie<\/li>\n \t<li>Het trainen van jouw mensen<\/li>\n \t<li>Het begeleiden van de verandering naar een data-gedreven organisatie<\/li>\n<\/ul>\n<a class=\"button\" href=\"https:\/\/revodata.nl\/nl\/databricks-consultancy\/\">Databricks Consultancy<\/a>\n\n<a class=\"button\" href=\"https:\/\/revodata.nl\/nl\/managed-databricks\/\">Managed Databricks <\/a>\n\n<\/div>\t\t\t\t\t\t\t\t<\/div>\n\t\t\t\t<\/div>\n\t\t\t\t<div class=\"elementor-element elementor-element-e8dad50 elementor-widget__width-auto elementor-absolute elementor-widget elementor-widget-text-editor\" data-id=\"e8dad50\" data-element_type=\"widget\" data-e-type=\"widget\" data-settings=\"{&quot;_position&quot;:&quot;absolute&quot;}\" data-widget_type=\"text-editor.default\">\n\t\t\t\t<div class=\"elementor-widget-container\">\n\t\t\t\t\t\t\t\t\t<strong>5. Review<\/strong>\n<div class=\"block\">\n\nBeoordelen of het data-platform aan de gestelde doelen voldoet\n<ul>\n \t<li>Het verzamelen van feedback van gebruikers om eventuele problemen of gebieden voor verbetering vast te stellen<\/li>\n \t<li>Eventueel noodzakelijke aanpassingen aan het data-platform aan te brengen<\/li>\n \t<li>Vastleggen van de vervolgstappen om waarde te maximaliseren<\/li>\n<\/ul>\n<a class=\"button\" href=\"https:\/\/revodata.nl\/nl\/well-architected-review\/\">Architecture Review<\/a>\n\n<a class=\"button\" href=\"https:\/\/revodata.nl\/nl\/maturity-assesment\/\">Maturity Assessment<\/a>\n\n<\/div>\t\t\t\t\t\t\t\t<\/div>\n\t\t\t\t<\/div>\n\t\t\t\t\t<\/div>\n\t\t<\/div>\n\t\t\t\t\t<\/div>\n\t\t<\/section>\n\t\t\t\t<div class=\"elementor-element elementor-element-bed57da elementor-widget elementor-widget-spacer\" data-id=\"bed57da\" data-element_type=\"widget\" data-e-type=\"widget\" data-widget_type=\"spacer.default\">\n\t\t\t\t<div class=\"elementor-widget-container\">\n\t\t\t\t\t\t\t<div class=\"elementor-spacer\">\n\t\t\t<div class=\"elementor-spacer-inner\"><\/div>\n\t\t<\/div>\n\t\t\t\t\t\t<\/div>\n\t\t\t\t<\/div>\n\t\t\t\t\t<\/div>\n\t\t<\/div>\n\t\t\t\t\t<\/div>\n\t\t<\/section>\n\t\t\t\t<\/div>","protected":false},"excerpt":{"rendered":"<p>Onze werkwijze RevoData is er om je Data &amp; AI journey te versterken, van het opzetten van je datastrategie en het cre\u00ebren van je dataplatform tot het opleiden van je team. E\u00e9n team RevoData en jouw team vormen \u00e9\u00e9n team. We implementeren de best passende Data &amp; AI-oplossing, met als doel jullie te trainen en [&hellip;]<\/p>\n","protected":false},"author":1,"featured_media":0,"parent":0,"menu_order":0,"comment_status":"closed","ping_status":"closed","template":"","meta":{"content-type":"","footnotes":""},"class_list":["post-624","page","type-page","status-publish","hentry"],"_links":{"self":[{"href":"https:\/\/revodata.nl\/nl\/wp-json\/wp\/v2\/pages\/624","targetHints":{"allow":["GET"]}}],"collection":[{"href":"https:\/\/revodata.nl\/nl\/wp-json\/wp\/v2\/pages"}],"about":[{"href":"https:\/\/revodata.nl\/nl\/wp-json\/wp\/v2\/types\/page"}],"author":[{"embeddable":true,"href":"https:\/\/revodata.nl\/nl\/wp-json\/wp\/v2\/users\/1"}],"replies":[{"embeddable":true,"href":"https:\/\/revodata.nl\/nl\/wp-json\/wp\/v2\/comments?post=624"}],"version-history":[{"count":207,"href":"https:\/\/revodata.nl\/nl\/wp-json\/wp\/v2\/pages\/624\/revisions"}],"predecessor-version":[{"id":5831,"href":"https:\/\/revodata.nl\/nl\/wp-json\/wp\/v2\/pages\/624\/revisions\/5831"}],"wp:attachment":[{"href":"https:\/\/revodata.nl\/nl\/wp-json\/wp\/v2\/media?parent=624"}],"curies":[{"name":"wp","href":"https:\/\/api.w.org\/{rel}","templated":true}]}}